{"id":16045,"date":"2023-07-07T17:51:00","date_gmt":"2023-07-07T15:51:00","guid":{"rendered":"https:\/\/mordant.group\/dank-u-3\/"},"modified":"2025-06-10T15:47:33","modified_gmt":"2025-06-10T13:47:33","slug":"dank-u-job","status":"publish","type":"page","link":"https:\/\/mordant.group\/nl\/solliciteer-bij-mordant-group\/dank-u-job\/","title":{"rendered":"Dank u"},"content":{"rendered":"<p style=\"text-align: center;\"><big>Bedankt dat u contact met ons hebt opgenomen. Wij nemen zo snel mogelijk contact met u op.<\/big><\/p>\n<p>&nbsp;<\/p>\n","protected":false},"excerpt":{"rendered":"<p>Bedankt dat u contact met ons hebt opgenomen. Wij nemen zo snel mogelijk contact met u op. &nbsp;<\/p>\n","protected":false},"author":6,"featured_media":0,"parent":16047,"menu_order":0,"comment_status":"closed","ping_status":"closed","template":"","meta":{"footnotes":""},"class_list":["post-16045","page","type-page","status-publish","hentry"],"yoast_head":"<!-- This site is optimized with the Yoast SEO plugin v27.3 - https:\/\/yoast.com\/product\/yoast-seo-wordpress\/ -->\n<title>Dank u - Menuisier \u00e0 Jumet, Charleroi. Mordant &amp; Fils, menuiserie int\u00e9rieure, ext\u00e9rieure<\/title>\n<meta name=\"robots\" content=\"noindex, nofollow\" \/>\n<meta property=\"og:locale\" content=\"nl_NL\" \/>\n<meta property=\"og:type\" content=\"article\" \/>\n<meta property=\"og:title\" content=\"Dank u - Menuisier \u00e0 Jumet, Charleroi. Mordant &amp; Fils, menuiserie int\u00e9rieure, ext\u00e9rieure\" \/>\n<meta property=\"og:description\" content=\"Bedankt dat u contact met ons hebt opgenomen. Wij nemen zo snel mogelijk contact met u op. &nbsp;\" \/>\n<meta property=\"og:url\" content=\"https:\/\/mordant.group\/nl\/solliciteer-bij-mordant-group\/dank-u-job\/\" \/>\n<meta property=\"og:site_name\" content=\"Menuisier \u00e0 Jumet, Charleroi. Mordant &amp; Fils, menuiserie int\u00e9rieure, ext\u00e9rieure\" \/>\n<meta property=\"article:modified_time\" content=\"2025-06-10T13:47:33+00:00\" \/>\n<meta name=\"twitter:card\" content=\"summary_large_image\" \/>\n<script type=\"application\/ld+json\" class=\"yoast-schema-graph\">{\"@context\":\"https:\\\/\\\/schema.org\",\"@graph\":[{\"@type\":\"WebPage\",\"@id\":\"https:\\\/\\\/mordant.group\\\/nl\\\/solliciteer-bij-mordant-group\\\/dank-u-job\\\/\",\"url\":\"https:\\\/\\\/mordant.group\\\/nl\\\/solliciteer-bij-mordant-group\\\/dank-u-job\\\/\",\"name\":\"Dank u - Menuisier \u00e0 Jumet, Charleroi. Mordant &amp; Fils, menuiserie int\u00e9rieure, ext\u00e9rieure\",\"isPartOf\":{\"@id\":\"https:\\\/\\\/mordant.group\\\/nl\\\/#website\"},\"datePublished\":\"2023-07-07T15:51:00+00:00\",\"dateModified\":\"2025-06-10T13:47:33+00:00\",\"breadcrumb\":{\"@id\":\"https:\\\/\\\/mordant.group\\\/nl\\\/solliciteer-bij-mordant-group\\\/dank-u-job\\\/#breadcrumb\"},\"inLanguage\":\"nl-NL\",\"potentialAction\":[{\"@type\":\"ReadAction\",\"target\":[\"https:\\\/\\\/mordant.group\\\/nl\\\/solliciteer-bij-mordant-group\\\/dank-u-job\\\/\"]}]},{\"@type\":\"BreadcrumbList\",\"@id\":\"https:\\\/\\\/mordant.group\\\/nl\\\/solliciteer-bij-mordant-group\\\/dank-u-job\\\/#breadcrumb\",\"itemListElement\":[{\"@type\":\"ListItem\",\"position\":1,\"name\":\"Home\",\"item\":\"https:\\\/\\\/mordant.group\\\/nl\\\/home\\\/\"},{\"@type\":\"ListItem\",\"position\":2,\"name\":\"Solliciteer bij Mordant Group\",\"item\":\"https:\\\/\\\/mordant.group\\\/nl\\\/solliciteer-bij-mordant-group\\\/\"},{\"@type\":\"ListItem\",\"position\":3,\"name\":\"Dank u\"}]},{\"@type\":\"WebSite\",\"@id\":\"https:\\\/\\\/mordant.group\\\/nl\\\/#website\",\"url\":\"https:\\\/\\\/mordant.group\\\/nl\\\/\",\"name\":\"Menuisier \u00e0 Jumet, Charleroi. Mordant &amp; Fils, menuiserie int\u00e9rieure, ext\u00e9rieure\",\"description\":\"\",\"publisher\":{\"@id\":\"https:\\\/\\\/mordant.group\\\/nl\\\/#organization\"},\"potentialAction\":[{\"@type\":\"SearchAction\",\"target\":{\"@type\":\"EntryPoint\",\"urlTemplate\":\"https:\\\/\\\/mordant.group\\\/nl\\\/?s={search_term_string}\"},\"query-input\":{\"@type\":\"PropertyValueSpecification\",\"valueRequired\":true,\"valueName\":\"search_term_string\"}}],\"inLanguage\":\"nl-NL\"},{\"@type\":\"Organization\",\"@id\":\"https:\\\/\\\/mordant.group\\\/nl\\\/#organization\",\"name\":\"Menuisier \u00e0 Jumet, Charleroi. Mordant &amp; Fils, menuiserie int\u00e9rieure, ext\u00e9rieure\",\"url\":\"https:\\\/\\\/mordant.group\\\/nl\\\/\",\"logo\":{\"@type\":\"ImageObject\",\"inLanguage\":\"nl-NL\",\"@id\":\"https:\\\/\\\/mordant.group\\\/nl\\\/#\\\/schema\\\/logo\\\/image\\\/\",\"url\":\"https:\\\/\\\/mordant.group\\\/wp-content\\\/uploads\\\/2024\\\/04\\\/cropped-logo-Mordant-Group-1.webp\",\"contentUrl\":\"https:\\\/\\\/mordant.group\\\/wp-content\\\/uploads\\\/2024\\\/04\\\/cropped-logo-Mordant-Group-1.webp\",\"width\":518,\"height\":220,\"caption\":\"Menuisier \u00e0 Jumet, Charleroi. Mordant &amp; Fils, menuiserie int\u00e9rieure, ext\u00e9rieure\"},\"image\":{\"@id\":\"https:\\\/\\\/mordant.group\\\/nl\\\/#\\\/schema\\\/logo\\\/image\\\/\"}}]}<\/script>\n<!-- \/ Yoast SEO plugin. -->","yoast_head_json":{"title":"Dank u - Menuisier \u00e0 Jumet, Charleroi. Mordant &amp; Fils, menuiserie int\u00e9rieure, ext\u00e9rieure","robots":{"index":"noindex","follow":"nofollow"},"og_locale":"nl_NL","og_type":"article","og_title":"Dank u - Menuisier \u00e0 Jumet, Charleroi. Mordant &amp; Fils, menuiserie int\u00e9rieure, ext\u00e9rieure","og_description":"Bedankt dat u contact met ons hebt opgenomen. Wij nemen zo snel mogelijk contact met u op. &nbsp;","og_url":"https:\/\/mordant.group\/nl\/solliciteer-bij-mordant-group\/dank-u-job\/","og_site_name":"Menuisier \u00e0 Jumet, Charleroi. Mordant &amp; Fils, menuiserie int\u00e9rieure, ext\u00e9rieure","article_modified_time":"2025-06-10T13:47:33+00:00","twitter_card":"summary_large_image","schema":{"@context":"https:\/\/schema.org","@graph":[{"@type":"WebPage","@id":"https:\/\/mordant.group\/nl\/solliciteer-bij-mordant-group\/dank-u-job\/","url":"https:\/\/mordant.group\/nl\/solliciteer-bij-mordant-group\/dank-u-job\/","name":"Dank u - Menuisier \u00e0 Jumet, Charleroi. Mordant &amp; Fils, menuiserie int\u00e9rieure, ext\u00e9rieure","isPartOf":{"@id":"https:\/\/mordant.group\/nl\/#website"},"datePublished":"2023-07-07T15:51:00+00:00","dateModified":"2025-06-10T13:47:33+00:00","breadcrumb":{"@id":"https:\/\/mordant.group\/nl\/solliciteer-bij-mordant-group\/dank-u-job\/#breadcrumb"},"inLanguage":"nl-NL","potentialAction":[{"@type":"ReadAction","target":["https:\/\/mordant.group\/nl\/solliciteer-bij-mordant-group\/dank-u-job\/"]}]},{"@type":"BreadcrumbList","@id":"https:\/\/mordant.group\/nl\/solliciteer-bij-mordant-group\/dank-u-job\/#breadcrumb","itemListElement":[{"@type":"ListItem","position":1,"name":"Home","item":"https:\/\/mordant.group\/nl\/home\/"},{"@type":"ListItem","position":2,"name":"Solliciteer bij Mordant Group","item":"https:\/\/mordant.group\/nl\/solliciteer-bij-mordant-group\/"},{"@type":"ListItem","position":3,"name":"Dank u"}]},{"@type":"WebSite","@id":"https:\/\/mordant.group\/nl\/#website","url":"https:\/\/mordant.group\/nl\/","name":"Menuisier \u00e0 Jumet, Charleroi. Mordant &amp; Fils, menuiserie int\u00e9rieure, ext\u00e9rieure","description":"","publisher":{"@id":"https:\/\/mordant.group\/nl\/#organization"},"potentialAction":[{"@type":"SearchAction","target":{"@type":"EntryPoint","urlTemplate":"https:\/\/mordant.group\/nl\/?s={search_term_string}"},"query-input":{"@type":"PropertyValueSpecification","valueRequired":true,"valueName":"search_term_string"}}],"inLanguage":"nl-NL"},{"@type":"Organization","@id":"https:\/\/mordant.group\/nl\/#organization","name":"Menuisier \u00e0 Jumet, Charleroi. Mordant &amp; Fils, menuiserie int\u00e9rieure, ext\u00e9rieure","url":"https:\/\/mordant.group\/nl\/","logo":{"@type":"ImageObject","inLanguage":"nl-NL","@id":"https:\/\/mordant.group\/nl\/#\/schema\/logo\/image\/","url":"https:\/\/mordant.group\/wp-content\/uploads\/2024\/04\/cropped-logo-Mordant-Group-1.webp","contentUrl":"https:\/\/mordant.group\/wp-content\/uploads\/2024\/04\/cropped-logo-Mordant-Group-1.webp","width":518,"height":220,"caption":"Menuisier \u00e0 Jumet, Charleroi. Mordant &amp; Fils, menuiserie int\u00e9rieure, ext\u00e9rieure"},"image":{"@id":"https:\/\/mordant.group\/nl\/#\/schema\/logo\/image\/"}}]}},"_links":{"self":[{"href":"https:\/\/mordant.group\/nl\/wp-json\/wp\/v2\/pages\/16045","targetHints":{"allow":["GET"]}}],"collection":[{"href":"https:\/\/mordant.group\/nl\/wp-json\/wp\/v2\/pages"}],"about":[{"href":"https:\/\/mordant.group\/nl\/wp-json\/wp\/v2\/types\/page"}],"author":[{"embeddable":true,"href":"https:\/\/mordant.group\/nl\/wp-json\/wp\/v2\/users\/6"}],"replies":[{"embeddable":true,"href":"https:\/\/mordant.group\/nl\/wp-json\/wp\/v2\/comments?post=16045"}],"version-history":[{"count":1,"href":"https:\/\/mordant.group\/nl\/wp-json\/wp\/v2\/pages\/16045\/revisions"}],"predecessor-version":[{"id":16048,"href":"https:\/\/mordant.group\/nl\/wp-json\/wp\/v2\/pages\/16045\/revisions\/16048"}],"up":[{"embeddable":true,"href":"https:\/\/mordant.group\/nl\/wp-json\/wp\/v2\/pages\/16047"}],"wp:attachment":[{"href":"https:\/\/mordant.group\/nl\/wp-json\/wp\/v2\/media?parent=16045"}],"curies":[{"name":"wp","href":"https:\/\/api.w.org\/{rel}","templated":true}]}}