{"id":16038,"date":"2020-04-13T09:36:39","date_gmt":"2020-04-13T07:36:39","guid":{"rendered":"https:\/\/mordant.group\/offerteaanvraag\/"},"modified":"2025-06-10T18:01:16","modified_gmt":"2025-06-10T16:01:16","slug":"offerteaanvraag","status":"publish","type":"page","link":"https:\/\/mordant.group\/nl\/offerteaanvraag\/","title":{"rendered":"Offerteaanvraag"},"content":{"rendered":"\t\t<div data-elementor-type=\"wp-page\" data-elementor-id=\"16038\" class=\"elementor elementor-16038 elementor-112\" data-elementor-settings=\"{&quot;ha_cmc_init_switcher&quot;:&quot;no&quot;}\" data-elementor-post-type=\"page\">\n\t\t\t\t<div class=\"has_eae_slider elementor-element elementor-element-0123f78 header-title e-flex e-con-boxed e-con e-parent\" data-eae-slider=\"32710\" data-particle_enable=\"false\" data-particle-mobile-disabled=\"false\" data-id=\"0123f78\" data-element_type=\"container\" data-e-type=\"container\" data-settings=\"{&quot;background_background&quot;:&quot;classic&quot;,&quot;shape_divider_bottom_negative&quot;:&quot;yes&quot;,&quot;shape_divider_bottom&quot;:&quot;triangle-asymmetrical&quot;,&quot;_ha_eqh_enable&quot;:false}\">\n\t\t\t\t\t<div class=\"e-con-inner\">\n\t\t\t\t<div class=\"elementor-shape elementor-shape-bottom\" aria-hidden=\"true\" data-negative=\"true\">\n\t\t\t<svg xmlns=\"http:\/\/www.w3.org\/2000\/svg\" viewBox=\"0 0 1000 100\" preserveAspectRatio=\"none\">\n\t<path class=\"elementor-shape-fill\" d=\"M737.9,94.7L0,0v100h1000V0L737.9,94.7z\"\/>\n<\/svg>\t\t<\/div>\n\t\t<div class=\"has_eae_slider elementor-element elementor-element-8272634 e-con-full e-flex e-con e-child\" data-eae-slider=\"33232\" data-particle_enable=\"false\" data-particle-mobile-disabled=\"false\" data-id=\"8272634\" data-element_type=\"container\" data-e-type=\"container\" data-settings=\"{&quot;_ha_eqh_enable&quot;:false}\">\n\t\t\t\t<div class=\"elementor-element elementor-element-2662274 head-overtitle elementor-widget elementor-widget-heading\" data-id=\"2662274\" data-element_type=\"widget\" data-e-type=\"widget\" data-widget_type=\"heading.default\">\n\t\t\t\t<div class=\"elementor-widget-container\">\n\t\t\t\t\t<span class=\"elementor-heading-title elementor-size-default\">Mordant schrijnwerk<\/span>\t\t\t\t<\/div>\n\t\t\t\t<\/div>\n\t\t\t\t<div class=\"elementor-element elementor-element-249ca30 acumin elementor-widget elementor-widget-heading\" data-id=\"249ca30\" data-element_type=\"widget\" data-e-type=\"widget\" data-widget_type=\"heading.default\">\n\t\t\t\t<div class=\"elementor-widget-container\">\n\t\t\t\t\t<h1 class=\"elementor-heading-title elementor-size-default\">Offerteaanvraag<\/h1>\t\t\t\t<\/div>\n\t\t\t\t<\/div>\n\t\t\t\t<div class=\"elementor-element elementor-element-8961591 elementor-widget elementor-widget-breadcrumbs\" data-id=\"8961591\" data-element_type=\"widget\" data-e-type=\"widget\" data-widget_type=\"breadcrumbs.default\">\n\t\t\t\t<div class=\"elementor-widget-container\">\n\t\t\t\t\t<p id=\"breadcrumbs\"><span><span><a href=\"https:\/\/mordant.group\/nl\/home\/\">Home<\/a><\/span><\/span><\/p>\t\t\t\t<\/div>\n\t\t\t\t<\/div>\n\t\t\t\t<\/div>\n\t\t\t\t\t<\/div>\n\t\t\t\t<\/div>\n\t\t\t\t<section class=\"has_eae_slider elementor-section elementor-top-section elementor-element elementor-element-15f2e24 elementor-section-boxed elementor-section-height-default elementor-section-height-default\" data-eae-slider=\"16405\" data-particle_enable=\"false\" data-particle-mobile-disabled=\"false\" data-id=\"15f2e24\" data-element_type=\"section\" data-e-type=\"section\" data-settings=\"{&quot;background_background&quot;:&quot;gradient&quot;,&quot;_ha_eqh_enable&quot;:false}\">\n\t\t\t\t\t\t\t<div class=\"elementor-background-overlay\"><\/div>\n\t\t\t\t\t\t\t<div class=\"elementor-container elementor-column-gap-default\">\n\t\t\t\t\t<div class=\"has_eae_slider elementor-column elementor-col-100 elementor-top-column elementor-element elementor-element-536a366a\" data-eae-slider=\"57033\" data-id=\"536a366a\" data-element_type=\"column\" data-e-type=\"column\" data-settings=\"{&quot;background_background&quot;:&quot;classic&quot;}\">\n\t\t\t<div class=\"elementor-widget-wrap elementor-element-populated\">\n\t\t\t\t\t\t<section class=\"has_eae_slider elementor-section elementor-inner-section elementor-element elementor-element-43e51731 elementor-section-boxed elementor-section-height-default elementor-section-height-default elementor-invisible\" data-eae-slider=\"65435\" data-particle_enable=\"false\" data-particle-mobile-disabled=\"false\" data-id=\"43e51731\" data-element_type=\"section\" data-e-type=\"section\" data-settings=\"{&quot;animation&quot;:&quot;fadeIn&quot;,&quot;_ha_eqh_enable&quot;:false}\">\n\t\t\t\t\t\t<div class=\"elementor-container elementor-column-gap-wide\">\n\t\t\t\t\t<div class=\"has_eae_slider elementor-column elementor-col-100 elementor-inner-column elementor-element elementor-element-104dbe5 elementor-invisible\" data-eae-slider=\"60191\" data-id=\"104dbe5\" data-element_type=\"column\" data-e-type=\"column\" data-settings=\"{&quot;animation&quot;:&quot;fadeInUp&quot;,&quot;animation_delay&quot;:600}\">\n\t\t\t<div class=\"elementor-widget-wrap elementor-element-populated\">\n\t\t\t\t\t\t<div class=\"elementor-element elementor-element-dba3792 elementor-widget elementor-widget-wpforms\" data-id=\"dba3792\" data-element_type=\"widget\" data-e-type=\"widget\" data-widget_type=\"wpforms.default\">\n\t\t\t\t<div class=\"elementor-widget-container\">\n\t\t\t\t\t<div class=\"wpforms-container wpforms-container-full wpforms-render-modern\" id=\"wpforms-14818\"><form id=\"wpforms-form-14818\" class=\"wpforms-validate wpforms-form wpforms-ajax-form\" data-formid=\"14818\" method=\"post\" enctype=\"multipart\/form-data\" action=\"\/nl\/wp-json\/wp\/v2\/pages\/16038?wpforms_form_id=14818\" data-token=\"bb6e60e1919f66037714f485e18971d5\" data-token-time=\"1777602003\"><noscript class=\"wpforms-error-noscript\">Schakel JavaScript in je browser in om dit formulier in te vullen.<\/noscript><div id=\"wpforms-error-noscript\" style=\"display: none;\">Schakel JavaScript in je browser in om dit formulier in te vullen.<\/div><div class=\"wpforms-field-container\"><div id=\"wpforms-14818-field_9-container\" class=\"wpforms-field wpforms-field-layout\" data-field-id=\"9\"><div class=\"wpforms-field-layout-columns wpforms-field-layout-preset-50-50\"><div class=\"wpforms-layout-column wpforms-layout-column-50\" ><div id=\"wpforms-14818-field_1-container\" class=\"wpforms-field wpforms-field-text wpforms-first\" data-field-id=\"1\"><label class=\"wpforms-field-label\" for=\"wpforms-14818-field_1\">Voornaam <span class=\"wpforms-required-label\" aria-hidden=\"true\">*<\/span><\/label><input type=\"text\" id=\"wpforms-14818-field_1\" class=\"wpforms-field-medium wpforms-field-required\" name=\"wpforms[fields][1]\" aria-errormessage=\"wpforms-14818-field_1-error\" required><\/div><div id=\"wpforms-14818-field_3-container\" class=\"wpforms-field wpforms-field-phone wpforms-first\" data-field-id=\"3\"><label class=\"wpforms-field-label\" for=\"wpforms-14818-field_3\">Telefoon <span class=\"wpforms-required-label\" aria-hidden=\"true\">*<\/span><\/label><input type=\"tel\" id=\"wpforms-14818-field_3\" class=\"wpforms-field-medium wpforms-field-required wpforms-smart-phone-field\" data-rule-smart-phone-field=\"true\" name=\"wpforms[fields][3]\" aria-label=\"Telefoon\" aria-errormessage=\"wpforms-14818-field_3-error\" required><\/div><\/div><div class=\"wpforms-layout-column wpforms-layout-column-50\" ><div id=\"wpforms-14818-field_2-container\" class=\"wpforms-field wpforms-field-text\" data-field-id=\"2\"><label class=\"wpforms-field-label\" for=\"wpforms-14818-field_2\">Naam <span class=\"wpforms-required-label\" aria-hidden=\"true\">*<\/span><\/label><input type=\"text\" id=\"wpforms-14818-field_2\" class=\"wpforms-field-medium wpforms-field-required\" name=\"wpforms[fields][2]\" aria-errormessage=\"wpforms-14818-field_2-error\" required><\/div><div id=\"wpforms-14818-field_4-container\" class=\"wpforms-field wpforms-field-email\" data-field-id=\"4\"><label class=\"wpforms-field-label\" for=\"wpforms-14818-field_4\">E-mailadres <span class=\"wpforms-required-label\" aria-hidden=\"true\">*<\/span><\/label><input type=\"email\" id=\"wpforms-14818-field_4\" class=\"wpforms-field-medium wpforms-field-required\" name=\"wpforms[fields][4]\" spellcheck=\"false\" aria-errormessage=\"wpforms-14818-field_4-error\" required><\/div><\/div><\/div><\/div><div id=\"wpforms-14818-field_7-container\" class=\"wpforms-field wpforms-field-checkbox wpforms-list-inline\" data-field-id=\"7\"><fieldset><legend class=\"wpforms-field-label\">Je wilt een offerte ontvangen voor:<\/legend><ul id=\"wpforms-14818-field_7\"><li class=\"choice-1 depth-1\"><input type=\"checkbox\" id=\"wpforms-14818-field_7_1\" name=\"wpforms[fields][7][]\" value=\"Schrijnwerk\" aria-errormessage=\"wpforms-14818-field_7_1-error\"  ><label class=\"wpforms-field-label-inline\" for=\"wpforms-14818-field_7_1\">Schrijnwerk<\/label><\/li><li class=\"choice-2 depth-1\"><input type=\"checkbox\" id=\"wpforms-14818-field_7_2\" name=\"wpforms[fields][7][]\" value=\"Deuren en kozijnen\" aria-errormessage=\"wpforms-14818-field_7_2-error\"  ><label class=\"wpforms-field-label-inline\" for=\"wpforms-14818-field_7_2\">Deuren en kozijnen<\/label><\/li><li class=\"choice-3 depth-1\"><input type=\"checkbox\" id=\"wpforms-14818-field_7_3\" name=\"wpforms[fields][7][]\" value=\"Bijstand en herstellingen\" aria-errormessage=\"wpforms-14818-field_7_3-error\"  ><label class=\"wpforms-field-label-inline\" for=\"wpforms-14818-field_7_3\">Bijstand en herstellingen<\/label><\/li><\/ul><\/fieldset><\/div><div id=\"wpforms-14818-field_5-container\" class=\"wpforms-field wpforms-field-textarea\" data-field-id=\"5\"><label class=\"wpforms-field-label\" for=\"wpforms-14818-field_5\">Je boodschap <span class=\"wpforms-required-label\" aria-hidden=\"true\">*<\/span><\/label><textarea id=\"wpforms-14818-field_5\" class=\"wpforms-field-medium wpforms-field-required\" name=\"wpforms[fields][5]\" aria-errormessage=\"wpforms-14818-field_5-error\" required><\/textarea><\/div><div id=\"wpforms-14818-field_8-container\" class=\"wpforms-field wpforms-field-file-upload\" data-field-id=\"8\"><label class=\"wpforms-field-label\" for=\"wpforms-14818-field_8\">Bestand verzenden<\/label><div\n\t\tclass=\"wpforms-uploader \"\n\t\tdata-field-id=\"8\"\n\t\tdata-form-id=\"14818\"\n\t\tdata-input-name=\"wpforms_14818_8\"\n\t\tdata-extensions=\"jpg,jpeg,jpe,gif,png,bmp,tiff,tif,webp,avif,ico,heic,heif,heics,heifs,asf,asx,wmv,wmx,wm,avi,divx,mov,qt,mpeg,mpg,mpe,mp4,m4v,ogv,webm,mkv,3gp,3gpp,3g2,3gp2,txt,asc,c,cc,h,srt,csv,tsv,ics,rtx,css,vtt,mp3,m4a,m4b,aac,ra,ram,wav,x-wav,ogg,oga,flac,mid,midi,wma,wax,mka,rtf,pdf,class,tar,zip,gz,gzip,rar,7z,psd,xcf,doc,pot,pps,ppt,wri,xla,xls,xlt,xlw,mpp,docx,docm,dotx,dotm,xlsx,xlsm,xlsb,xltx,xltm,xlam,pptx,pptm,ppsx,ppsm,potx,potm,ppam,sldx,sldm,onetoc,onetoc2,onepkg,oxps,xps,odt,odp,ods,odg,odc,odb,odf,wp,wpd,key,numbers,pages\"\n\t\tdata-max-size=\"6291456\"\n\t\tdata-max-file-number=\"3\"\n\t\tdata-post-max-size=\"134217728\"\n\t\tdata-max-parallel-uploads=\"4\"\n\t\tdata-parallel-uploads=\"true\"\n\t\tdata-file-chunk-size=\"2097152\">\n\t<div class=\"dz-message\">\n\t\t<svg  viewBox=\"0 0 640 640\" focusable=\"false\" data-icon=\"inbox\" width=\"50px\" height=\"50px\" fill=\"currentColor\" aria-hidden=\"true\">\n\t\t\t<path d=\"M352 173.3L352 384C352 401.7 337.7 416 320 416C302.3 416 288 401.7 288 384L288 173.3L246.6 214.7C234.1 227.2 213.8 227.2 201.3 214.7C188.8 202.2 188.8 181.9 201.3 169.4L297.3 73.4C309.8 60.9 330.1 60.9 342.6 73.4L438.6 169.4C451.1 181.9 451.1 202.2 438.6 214.7C426.1 227.2 405.8 227.2 393.3 214.7L352 173.3zM320 464C364.2 464 400 428.2 400 384L480 384C515.3 384 544 412.7 544 448L544 480C544 515.3 515.3 544 480 544L160 544C124.7 544 96 515.3 96 480L96 448C96 412.7 124.7 384 160 384L240 384C240 428.2 275.8 464 320 464zM464 488C477.3 488 488 477.3 488 464C488 450.7 477.3 440 464 440C450.7 440 440 450.7 440 464C440 477.3 450.7 488 464 488z\"\/>\n\t\t<\/svg>\n\n\t\t<span class=\"modern-title\">\n\t\t\t\t\t\t\tDrag &amp; Drop Files, \t\t\t\t<span>Choose Files to Upload<\/span>\n\t\t\t\t\t<\/span>\n\n\t\t\t\t\t<span class=\"modern-hint\">Je kunt tot 3 bestanden uploaden.<\/span>\n\t\t\t<\/div>\n<\/div>\n\n<input\n\t\ttype=\"text\"\n\t\tautocomplete=\"off\"\n\t\treadonly\n\t\tclass=\"dropzone-input\"\n\t\tstyle=\"position:absolute!important;clip:rect(0,0,0,0)!important;height:1px!important;width:1px!important;border:0!important;overflow:hidden!important;padding:0!important;margin:0!important;\"\n\t\tid=\"wpforms-14818-field_8\"\n\t\tname=\"wpforms_14818_8\" \t\tvalue=\"\">\n<\/div><\/div><!-- .wpforms-field-container --><div class=\"wpforms-recaptcha-container wpforms-is-hcaptcha\" >\t\t<input\n\t\t\t\ttype=\"hidden\"\n\t\t\t\tclass=\"hcaptcha-widget-id\"\n\t\t\t\tname=\"hcaptcha-widget-id\"\n\t\t\t\tvalue=\"eyJzb3VyY2UiOlsid3Bmb3Jtc1wvd3Bmb3Jtcy5waHAiLCJ3cGZvcm1zLWxpdGVcL3dwZm9ybXMucGhwIl0sImZvcm1faWQiOjE0ODE4fQ==-2e52b3a80d87168baf88515c6046f959\">\n\t\t\t\t<h-captcha\n\t\t\tclass=\"h-captcha\"\n\t\t\tdata-sitekey=\"15e87fab-6cd4-496a-ba7e-74bcdae2ec2a\"\n\t\t\tdata-theme=\"light\"\n\t\t\tdata-size=\"normal\"\n\t\t\tdata-auto=\"false\"\n\t\t\tdata-ajax=\"false\"\n\t\t\tdata-force=\"false\">\n\t\t<\/h-captcha>\n\t\t<input type=\"hidden\" id=\"hcaptcha_wpforms_nonce\" name=\"hcaptcha_wpforms_nonce\" value=\"4cfbf7b222\" \/><input type=\"hidden\" name=\"_wp_http_referer\" value=\"\/nl\/wp-json\/wp\/v2\/pages\/16038\" \/><\/div><div class=\"wpforms-submit-container\" ><input type=\"hidden\" name=\"wpforms[id]\" value=\"14818\"><input type=\"hidden\" name=\"page_title\" value=\"\"><input type=\"hidden\" name=\"page_url\" value=\"https:\/\/mordant.group\/nl\/wp-json\/wp\/v2\/pages\/16038\"><input type=\"hidden\" name=\"url_referer\" value=\"\"><button type=\"submit\" name=\"wpforms[submit]\" id=\"wpforms-submit-14818\" class=\"wpforms-submit elementor-button elementor-animation-grow\" data-alt-text=\"Verzenden...\" data-submit-text=\"Verzenden\" aria-live=\"assertive\" value=\"wpforms-submit\">Verzenden<\/button><img decoding=\"async\" src=\"https:\/\/mordant.group\/wp-content\/plugins\/wpforms\/assets\/images\/submit-spin.svg\" class=\"wpforms-submit-spinner\" style=\"display: none;\" width=\"26\" height=\"26\" alt=\"Aan het laden\"><\/div><\/form><\/div>  <!-- .wpforms-container -->\t\t\t\t<\/div>\n\t\t\t\t<\/div>\n\t\t\t\t\t<\/div>\n\t\t<\/div>\n\t\t\t\t\t<\/div>\n\t\t<\/section>\n\t\t\t\t\t<\/div>\n\t\t<\/div>\n\t\t\t\t\t<\/div>\n\t\t<\/section>\n\t\t\t\t<\/div>\n\t\t","protected":false},"excerpt":{"rendered":"<p>Mordant schrijnwerk Offerteaanvraag Veuillez activer JavaScript dans votre navigateur pour remplir ce formulaire.Veuillez activer JavaScript dans votre navigateur pour remplir ce formulaire.Mise en pagePr\u00e9nom *T\u00e9l\u00e9phone *Nom *Adresse e-mail * Vous souhaitez obtenir un devis pour : Menuiserie Portes et ch\u00e2ssis Assistance et r\u00e9paration Votre message *Envoi de fichier Cliquez ou d\u00e9placez les fichiers vers cette [&hellip;]<\/p>\n","protected":false},"author":6,"featured_media":15655,"parent":0,"menu_order":0,"comment_status":"closed","ping_status":"closed","template":"elementor_header_footer","meta":{"footnotes":""},"class_list":["post-16038","page","type-page","status-publish","has-post-thumbnail","hentry"],"yoast_head":"<!-- This site is optimized with the Yoast SEO plugin v27.3 - https:\/\/yoast.com\/product\/yoast-seo-wordpress\/ -->\n<title>Vraag een gratis offerte aan voor al uw werkzaamheden | Mordant<\/title>\n<meta name=\"description\" content=\"Ramen plaatsen, binnenschrijnwerk, terrassen aanleggen... Wij maken al uw dromen waar!\" \/>\n<meta name=\"robots\" content=\"index, follow, max-snippet:-1, max-image-preview:large, max-video-preview:-1\" \/>\n<link rel=\"canonical\" href=\"https:\/\/mordant.group\/nl\/offerteaanvraag\/\" \/>\n<meta property=\"og:locale\" content=\"nl_NL\" \/>\n<meta property=\"og:type\" content=\"article\" \/>\n<meta property=\"og:title\" content=\"Vraag een gratis offerte aan voor al uw werkzaamheden | Mordant\" \/>\n<meta property=\"og:description\" content=\"Ramen plaatsen, binnenschrijnwerk, terrassen aanleggen... Wij maken al uw dromen waar!\" \/>\n<meta property=\"og:url\" content=\"https:\/\/mordant.group\/nl\/offerteaanvraag\/\" \/>\n<meta property=\"og:site_name\" content=\"Menuisier \u00e0 Jumet, Charleroi. Mordant &amp; Fils, menuiserie int\u00e9rieure, ext\u00e9rieure\" \/>\n<meta property=\"article:modified_time\" content=\"2025-06-10T16:01:16+00:00\" \/>\n<meta property=\"og:image\" content=\"https:\/\/mordant.group\/wp-content\/uploads\/2023\/05\/Mordant_DSC4286.jpg\" \/>\n\t<meta property=\"og:image:width\" content=\"1600\" \/>\n\t<meta property=\"og:image:height\" content=\"1067\" \/>\n\t<meta property=\"og:image:type\" content=\"image\/jpeg\" \/>\n<meta name=\"twitter:card\" content=\"summary_large_image\" \/>\n<script type=\"application\/ld+json\" class=\"yoast-schema-graph\">{\"@context\":\"https:\\\/\\\/schema.org\",\"@graph\":[{\"@type\":\"WebPage\",\"@id\":\"https:\\\/\\\/mordant.group\\\/nl\\\/offerteaanvraag\\\/\",\"url\":\"https:\\\/\\\/mordant.group\\\/nl\\\/offerteaanvraag\\\/\",\"name\":\"Vraag een gratis offerte aan voor al uw werkzaamheden | Mordant\",\"isPartOf\":{\"@id\":\"https:\\\/\\\/mordant.group\\\/nl\\\/#website\"},\"primaryImageOfPage\":{\"@id\":\"https:\\\/\\\/mordant.group\\\/nl\\\/offerteaanvraag\\\/#primaryimage\"},\"image\":{\"@id\":\"https:\\\/\\\/mordant.group\\\/nl\\\/offerteaanvraag\\\/#primaryimage\"},\"thumbnailUrl\":\"https:\\\/\\\/mordant.group\\\/wp-content\\\/uploads\\\/2023\\\/05\\\/Mordant_DSC4286.jpg\",\"datePublished\":\"2020-04-13T07:36:39+00:00\",\"dateModified\":\"2025-06-10T16:01:16+00:00\",\"description\":\"Ramen plaatsen, binnenschrijnwerk, terrassen aanleggen... Wij maken al uw dromen waar!\",\"breadcrumb\":{\"@id\":\"https:\\\/\\\/mordant.group\\\/nl\\\/offerteaanvraag\\\/#breadcrumb\"},\"inLanguage\":\"nl-NL\",\"potentialAction\":[{\"@type\":\"ReadAction\",\"target\":[\"https:\\\/\\\/mordant.group\\\/nl\\\/offerteaanvraag\\\/\"]}]},{\"@type\":\"ImageObject\",\"inLanguage\":\"nl-NL\",\"@id\":\"https:\\\/\\\/mordant.group\\\/nl\\\/offerteaanvraag\\\/#primaryimage\",\"url\":\"https:\\\/\\\/mordant.group\\\/wp-content\\\/uploads\\\/2023\\\/05\\\/Mordant_DSC4286.jpg\",\"contentUrl\":\"https:\\\/\\\/mordant.group\\\/wp-content\\\/uploads\\\/2023\\\/05\\\/Mordant_DSC4286.jpg\",\"width\":1600,\"height\":1067},{\"@type\":\"BreadcrumbList\",\"@id\":\"https:\\\/\\\/mordant.group\\\/nl\\\/offerteaanvraag\\\/#breadcrumb\",\"itemListElement\":[{\"@type\":\"ListItem\",\"position\":1,\"name\":\"Home\",\"item\":\"https:\\\/\\\/mordant.group\\\/nl\\\/home\\\/\"},{\"@type\":\"ListItem\",\"position\":2,\"name\":\"Offerteaanvraag\"}]},{\"@type\":\"WebSite\",\"@id\":\"https:\\\/\\\/mordant.group\\\/nl\\\/#website\",\"url\":\"https:\\\/\\\/mordant.group\\\/nl\\\/\",\"name\":\"Menuisier \u00e0 Jumet, Charleroi. Mordant &amp; Fils, menuiserie int\u00e9rieure, ext\u00e9rieure\",\"description\":\"\",\"publisher\":{\"@id\":\"https:\\\/\\\/mordant.group\\\/nl\\\/#organization\"},\"potentialAction\":[{\"@type\":\"SearchAction\",\"target\":{\"@type\":\"EntryPoint\",\"urlTemplate\":\"https:\\\/\\\/mordant.group\\\/nl\\\/?s={search_term_string}\"},\"query-input\":{\"@type\":\"PropertyValueSpecification\",\"valueRequired\":true,\"valueName\":\"search_term_string\"}}],\"inLanguage\":\"nl-NL\"},{\"@type\":\"Organization\",\"@id\":\"https:\\\/\\\/mordant.group\\\/nl\\\/#organization\",\"name\":\"Menuisier \u00e0 Jumet, Charleroi. Mordant &amp; Fils, menuiserie int\u00e9rieure, ext\u00e9rieure\",\"url\":\"https:\\\/\\\/mordant.group\\\/nl\\\/\",\"logo\":{\"@type\":\"ImageObject\",\"inLanguage\":\"nl-NL\",\"@id\":\"https:\\\/\\\/mordant.group\\\/nl\\\/#\\\/schema\\\/logo\\\/image\\\/\",\"url\":\"https:\\\/\\\/mordant.group\\\/wp-content\\\/uploads\\\/2024\\\/04\\\/cropped-logo-Mordant-Group-1.webp\",\"contentUrl\":\"https:\\\/\\\/mordant.group\\\/wp-content\\\/uploads\\\/2024\\\/04\\\/cropped-logo-Mordant-Group-1.webp\",\"width\":518,\"height\":220,\"caption\":\"Menuisier \u00e0 Jumet, Charleroi. Mordant &amp; Fils, menuiserie int\u00e9rieure, ext\u00e9rieure\"},\"image\":{\"@id\":\"https:\\\/\\\/mordant.group\\\/nl\\\/#\\\/schema\\\/logo\\\/image\\\/\"}}]}<\/script>\n<!-- \/ Yoast SEO plugin. -->","yoast_head_json":{"title":"Vraag een gratis offerte aan voor al uw werkzaamheden | Mordant","description":"Ramen plaatsen, binnenschrijnwerk, terrassen aanleggen... Wij maken al uw dromen waar!","robots":{"index":"index","follow":"follow","max-snippet":"max-snippet:-1","max-image-preview":"max-image-preview:large","max-video-preview":"max-video-preview:-1"},"canonical":"https:\/\/mordant.group\/nl\/offerteaanvraag\/","og_locale":"nl_NL","og_type":"article","og_title":"Vraag een gratis offerte aan voor al uw werkzaamheden | Mordant","og_description":"Ramen plaatsen, binnenschrijnwerk, terrassen aanleggen... Wij maken al uw dromen waar!","og_url":"https:\/\/mordant.group\/nl\/offerteaanvraag\/","og_site_name":"Menuisier \u00e0 Jumet, Charleroi. Mordant &amp; Fils, menuiserie int\u00e9rieure, ext\u00e9rieure","article_modified_time":"2025-06-10T16:01:16+00:00","og_image":[{"width":1600,"height":1067,"url":"https:\/\/mordant.group\/wp-content\/uploads\/2023\/05\/Mordant_DSC4286.jpg","type":"image\/jpeg"}],"twitter_card":"summary_large_image","schema":{"@context":"https:\/\/schema.org","@graph":[{"@type":"WebPage","@id":"https:\/\/mordant.group\/nl\/offerteaanvraag\/","url":"https:\/\/mordant.group\/nl\/offerteaanvraag\/","name":"Vraag een gratis offerte aan voor al uw werkzaamheden | Mordant","isPartOf":{"@id":"https:\/\/mordant.group\/nl\/#website"},"primaryImageOfPage":{"@id":"https:\/\/mordant.group\/nl\/offerteaanvraag\/#primaryimage"},"image":{"@id":"https:\/\/mordant.group\/nl\/offerteaanvraag\/#primaryimage"},"thumbnailUrl":"https:\/\/mordant.group\/wp-content\/uploads\/2023\/05\/Mordant_DSC4286.jpg","datePublished":"2020-04-13T07:36:39+00:00","dateModified":"2025-06-10T16:01:16+00:00","description":"Ramen plaatsen, binnenschrijnwerk, terrassen aanleggen... Wij maken al uw dromen waar!","breadcrumb":{"@id":"https:\/\/mordant.group\/nl\/offerteaanvraag\/#breadcrumb"},"inLanguage":"nl-NL","potentialAction":[{"@type":"ReadAction","target":["https:\/\/mordant.group\/nl\/offerteaanvraag\/"]}]},{"@type":"ImageObject","inLanguage":"nl-NL","@id":"https:\/\/mordant.group\/nl\/offerteaanvraag\/#primaryimage","url":"https:\/\/mordant.group\/wp-content\/uploads\/2023\/05\/Mordant_DSC4286.jpg","contentUrl":"https:\/\/mordant.group\/wp-content\/uploads\/2023\/05\/Mordant_DSC4286.jpg","width":1600,"height":1067},{"@type":"BreadcrumbList","@id":"https:\/\/mordant.group\/nl\/offerteaanvraag\/#breadcrumb","itemListElement":[{"@type":"ListItem","position":1,"name":"Home","item":"https:\/\/mordant.group\/nl\/home\/"},{"@type":"ListItem","position":2,"name":"Offerteaanvraag"}]},{"@type":"WebSite","@id":"https:\/\/mordant.group\/nl\/#website","url":"https:\/\/mordant.group\/nl\/","name":"Menuisier \u00e0 Jumet, Charleroi. Mordant &amp; Fils, menuiserie int\u00e9rieure, ext\u00e9rieure","description":"","publisher":{"@id":"https:\/\/mordant.group\/nl\/#organization"},"potentialAction":[{"@type":"SearchAction","target":{"@type":"EntryPoint","urlTemplate":"https:\/\/mordant.group\/nl\/?s={search_term_string}"},"query-input":{"@type":"PropertyValueSpecification","valueRequired":true,"valueName":"search_term_string"}}],"inLanguage":"nl-NL"},{"@type":"Organization","@id":"https:\/\/mordant.group\/nl\/#organization","name":"Menuisier \u00e0 Jumet, Charleroi. Mordant &amp; Fils, menuiserie int\u00e9rieure, ext\u00e9rieure","url":"https:\/\/mordant.group\/nl\/","logo":{"@type":"ImageObject","inLanguage":"nl-NL","@id":"https:\/\/mordant.group\/nl\/#\/schema\/logo\/image\/","url":"https:\/\/mordant.group\/wp-content\/uploads\/2024\/04\/cropped-logo-Mordant-Group-1.webp","contentUrl":"https:\/\/mordant.group\/wp-content\/uploads\/2024\/04\/cropped-logo-Mordant-Group-1.webp","width":518,"height":220,"caption":"Menuisier \u00e0 Jumet, Charleroi. Mordant &amp; Fils, menuiserie int\u00e9rieure, ext\u00e9rieure"},"image":{"@id":"https:\/\/mordant.group\/nl\/#\/schema\/logo\/image\/"}}]}},"_links":{"self":[{"href":"https:\/\/mordant.group\/nl\/wp-json\/wp\/v2\/pages\/16038","targetHints":{"allow":["GET"]}}],"collection":[{"href":"https:\/\/mordant.group\/nl\/wp-json\/wp\/v2\/pages"}],"about":[{"href":"https:\/\/mordant.group\/nl\/wp-json\/wp\/v2\/types\/page"}],"author":[{"embeddable":true,"href":"https:\/\/mordant.group\/nl\/wp-json\/wp\/v2\/users\/6"}],"replies":[{"embeddable":true,"href":"https:\/\/mordant.group\/nl\/wp-json\/wp\/v2\/comments?post=16038"}],"version-history":[{"count":4,"href":"https:\/\/mordant.group\/nl\/wp-json\/wp\/v2\/pages\/16038\/revisions"}],"predecessor-version":[{"id":16099,"href":"https:\/\/mordant.group\/nl\/wp-json\/wp\/v2\/pages\/16038\/revisions\/16099"}],"wp:featuredmedia":[{"embeddable":true,"href":"https:\/\/mordant.group\/nl\/wp-json\/wp\/v2\/media\/15655"}],"wp:attachment":[{"href":"https:\/\/mordant.group\/nl\/wp-json\/wp\/v2\/media?parent=16038"}],"curies":[{"name":"wp","href":"https:\/\/api.w.org\/{rel}","templated":true}]}}